{"id":9,"date":"2022-06-06T12:56:51","date_gmt":"2022-06-06T10:56:51","guid":{"rendered":"http:\/\/drbojko.pl\/index.php\/one-page-express\/"},"modified":"2023-03-09T23:18:54","modified_gmt":"2023-03-09T22:18:54","slug":"one-page-express","status":"publish","type":"page","link":"http:\/\/drbojko.pl\/","title":{"rendered":""},"content":{"rendered":"\n<div class=\"wp-block-media-text alignwide is-stacked-on-mobile\"><figure class=\"wp-block-media-text__media\"><\/figure><div class=\"wp-block-media-text__content\">\n<p><\/p>\n<\/div><\/div>\n\n\n<div class=\"wp-block-media-text alignwide is-stacked-on-mobile\">\n<figure class=\"wp-block-media-text__media\"><img loading=\"lazy\" decoding=\"async\" class=\"wp-image-21 size-full\" src=\"http:\/\/drbojko.pl\/wp-content\/uploads\/2023\/02\/Inflancka4_15-683x1024.jpg\" sizes=\"auto, (max-width: 683px) 100vw, 683px\" srcset=\"http:\/\/drbojko.pl\/wp-content\/uploads\/2023\/02\/Inflancka4_15-683x1024.jpg 683w, http:\/\/drbojko.pl\/wp-content\/uploads\/2023\/02\/Inflancka4_15-200x300.jpg 200w, http:\/\/drbojko.pl\/wp-content\/uploads\/2023\/02\/Inflancka4_15-768x1152.jpg 768w, http:\/\/drbojko.pl\/wp-content\/uploads\/2023\/02\/Inflancka4_15-1024x1536.jpg 1024w, http:\/\/drbojko.pl\/wp-content\/uploads\/2023\/02\/Inflancka4_15-1365x2048.jpg 1365w, http:\/\/drbojko.pl\/wp-content\/uploads\/2023\/02\/Inflancka4_15-scaled.jpg 1706w\" alt=\"\" width=\"683\" height=\"1024\"><\/figure>\n<div class=\"wp-block-media-text__content\">\n<h4>O MNIE<\/h4>\n<p>W 1994 roku uko\u0144czy\u0142am Universit\u00e4t Leipzig w Niemczech na wydziale stomatologia. Praktykuj\u0119 od ponad 25 lat \u2013 zajmuj\u0119 si\u0119 protetyk\u0105 i ortodoncj\u0105. Wykorzystuj\u0119 najnowocze\u015bniejsze metody leczenia wspomagane technik\u0105 cyfrow\u0105.<\/p>\n<p>Lecz\u0119 systemem nak\u0142adkowym Invisalign (oraz innych firm) i aparatami sta\u0142ymi (metalowe, porcelanowe) czy (oraz alignery innych firm).<\/p>\n<p>Ka\u017cde leczenie dobieram indywidualnie do wady, potrzeb i oczekiwa\u0144 pacjenta. Pi\u0119kny, prosty u\u015bmiech to najpi\u0119kniejsza nagroda, jak\u0105 otrzymuje ka\u017cdy pacjent. Moj\u0105 pasj\u0105 jest praca, dlatego w ka\u017cdej wolnej chwili podnosz\u0119 swoje kwalifikacje i uczestnicz\u0119 w kursach za granic\u0105 i w kraju. Nale\u017c\u0119 r\u00f3wnie\u017c do Polskiej Akademii Alignerowej.<\/p>\n<\/div>\n<\/div>\n\n\n<hr class=\"wp-block-separator has-alpha-channel-opacity\"\/>\n\n\n\n<h4 class=\"wp-block-heading\">CZYM SI\u0118 ZAJMUJ\u0118? ORTODONCJ\u0104<\/h4>\n\n\n\n<h5 class=\"wp-block-heading\"><strong>Proste z\u0119by to nie tylko wygl\u0105d<\/strong><\/h5>\n\n\n\n<p>Oto fakt, kt\u00f3rego wiele os\u00f3b nie zdaje sobie sprawy:<\/p>\n\n\n\n<p><em>uzyskanie prostego i zdrowego u\u015bmiechu jest wa\u017cniejsze ni\u017c kosmetyki, kt\u00f3rych u\u017cywasz.<\/em><\/p>\n\n\n\n<p>Zat\u0142oczone lub rozstawione z\u0119by lub niezdrowy zgryz mog\u0105 stwarza\u0107 jeszcze wi\u0119kszy problem, z kt\u00f3rym b\u0119dziesz musia\u0142 sobie kiedy\u015b poradzi\u0107\u2026<\/p>\n\n\n\n<h5 class=\"wp-block-heading\"><strong>Dlaczego posiadanie prostego i zdrowego u\u015bmiechu jest tak wa\u017cne<\/strong><\/h5>\n\n\n\n<p>Proste z\u0119by lepiej funkcjonuj\u0105 w codziennym \u017cyciu, s\u0105 \u0142atwiejsze do czyszczenia i mniej prawdopodobne jest, \u017ce w przysz\u0142o\u015bci b\u0119d\u0105 wymaga\u0142y kosztownej pracy dentystycznej.<\/p>\n\n\n\n<p>Osoby z dobrze wyr\u00f3wnanymi z\u0119bami i bez przestrzeni s\u0105 mniej nara\u017cone na choroby dzi\u0105se\u0142, kt\u00f3re mog\u0105 prowadzi\u0107 do powa\u017cnych problem\u00f3w zdrowotnych.<\/p>\n\n\n\n<p>Zdrowy zgryz zmniejsza ryzyko b\u00f3lu szcz\u0119ki oraz zaciskania i zgrzytania, kt\u00f3re mog\u0105 prowadzi\u0107 do b\u00f3l\u00f3w g\u0142owy, migren oraz wyszczerbionych lub p\u0119kni\u0119tych z\u0119b\u00f3w.<\/p>\n\n\n\n<p>Zar\u00f3wno dzieci, jak i doro\u015bli z pi\u0119knymi u\u015bmiechami czuj\u0105 si\u0119 lepiej ze sob\u0105, a to mo\u017ce znacznie zwi\u0119kszy\u0107 ich pewno\u015b\u0107 siebie w \u017cyciu osobistym i zawodowym.<\/p>\n\n\n\n<div class=\"wp-block-media-text alignwide is-stacked-on-mobile is-vertically-aligned-bottom\"><figure class=\"wp-block-media-text__media\"><\/figure><div class=\"wp-block-media-text__content\">\n<h5 class=\"wp-block-heading\"><\/h5>\n<\/div><\/div>\n","protected":false},"excerpt":{"rendered":"<p>O MNIE W 1994 roku uko\u0144czy\u0142am Universit\u00e4t Leipzig w Niemczech na wydziale stomatologia. Praktykuj\u0119 od ponad 25 lat \u2013 zajmuj\u0119 si\u0119 protetyk\u0105 i ortodoncj\u0105. &hellip; <a href=\"http:\/\/drbojko.pl\/\" class=\"readmore\">More <span class=\"screen-reader-text\"><\/span> &raquo;<\/a><\/p>\n","protected":false},"author":1,"featured_media":0,"parent":0,"menu_order":0,"comment_status":"closed","ping_status":"closed","template":"template-fullwidth.php","meta":{"footnotes":""},"class_list":["post-9","page","type-page","status-publish","hentry"],"_links":{"self":[{"href":"http:\/\/drbojko.pl\/index.php\/wp-json\/wp\/v2\/pages\/9","targetHints":{"allow":["GET"]}}],"collection":[{"href":"http:\/\/drbojko.pl\/index.php\/wp-json\/wp\/v2\/pages"}],"about":[{"href":"http:\/\/drbojko.pl\/index.php\/wp-json\/wp\/v2\/types\/page"}],"author":[{"embeddable":true,"href":"http:\/\/drbojko.pl\/index.php\/wp-json\/wp\/v2\/users\/1"}],"replies":[{"embeddable":true,"href":"http:\/\/drbojko.pl\/index.php\/wp-json\/wp\/v2\/comments?post=9"}],"version-history":[{"count":18,"href":"http:\/\/drbojko.pl\/index.php\/wp-json\/wp\/v2\/pages\/9\/revisions"}],"predecessor-version":[{"id":162,"href":"http:\/\/drbojko.pl\/index.php\/wp-json\/wp\/v2\/pages\/9\/revisions\/162"}],"wp:attachment":[{"href":"http:\/\/drbojko.pl\/index.php\/wp-json\/wp\/v2\/media?parent=9"}],"curies":[{"name":"wp","href":"https:\/\/api.w.org\/{rel}","templated":true}]}}